{"id":7,"date":"2018-12-27T15:10:31","date_gmt":"2018-12-27T14:10:31","guid":{"rendered":"http:\/\/192.168.0.47\/ChouetteEnvol\/?page_id=7"},"modified":"2026-01-08T09:58:06","modified_gmt":"2026-01-08T08:58:06","slug":"contact","status":"publish","type":"page","link":"https:\/\/www.chouetteenvol.fr\/index.php\/contact\/","title":{"rendered":"Info club"},"content":{"rendered":"\n<h1 class=\"wp-block-heading\"><strong>Chouette Envol<br><\/strong><\/h1>\n\n\n\n<p>Vous pouvez nous contacter, par mail <a href=\"mailto:chouetteenvol@gmail.com\"><strong>chouetteenvol@gmail.com<\/strong><\/a><\/p>\n\n\n\n<h3 class=\"wp-block-heading\"><strong>Infos l\u00e9gales<\/strong><\/h3>\n\n\n\n<p><strong>Si\u00e8ge<\/strong> : Maison des Associations<br>&nbsp;&nbsp;&nbsp;&nbsp;&nbsp;&nbsp;&nbsp;&nbsp;&nbsp;&nbsp;&nbsp;&nbsp; boite TT9 <br>&nbsp;&nbsp;&nbsp;&nbsp;&nbsp;&nbsp;&nbsp;&nbsp;&nbsp;&nbsp;&nbsp;&nbsp; <span class=\"LrzXr\">2, Rue des Corroyeurs<br><\/span><span class=\"LrzXr\">&nbsp;&nbsp;&nbsp;&nbsp;&nbsp;&nbsp;&nbsp;&nbsp;&nbsp;&nbsp;&nbsp; 21000 Dijon<\/span><\/p>\n\n\n\n<p>Le club <strong>Chouette Envol<\/strong> est une association \u00e0 but non lucratif :<\/p>\n\n\n\n<ul class=\"wp-block-list\">\n<li>affili\u00e9 \u00e0 la F\u00e9d\u00e9ration Fran\u00e7aise de Vol Libre <a href=\"https:\/\/intranet.ffvl.fr\/structure\/14096\"><strong>FFVL<\/strong><\/a> n\u00b0 <strong>06011<\/strong>;<\/li>\n\n\n\n<li>agr\u00e9e Jeunesse &amp; Sport ;<\/li>\n\n\n\n<li>enregistr\u00e9 \u00e0 la pr\u00e9fecture de C\u00f4te d\u2019Or sous le n\u00b0 <strong>w212012842 <\/strong>;<\/li>\n\n\n\n<li>paru au Journal Officiel du 16 f\u00e9vrier 2019, annonce n\u00b0284 ;<\/li>\n\n\n\n<li>n\u00b0 SIRET : <strong>848 745 824 00021 ;<\/strong><\/li>\n\n\n\n<li>inscrit sur <a href=\"https:\/\/www.handiguide.sports.gouv.fr\/structure\/783\"><strong>HandiGuide<\/strong><\/a>.<\/li>\n<\/ul>\n\n\n\n<figure class=\"wp-block-image size-large\"><img loading=\"lazy\" decoding=\"async\" width=\"1024\" height=\"766\" src=\"https:\/\/www.chouetteenvol.fr\/wp-content\/uploads\/2026\/01\/2026-Label-Club-Valide-Handicape-1024x766.png\" alt=\"\" class=\"wp-image-1317\" srcset=\"https:\/\/www.chouetteenvol.fr\/wp-content\/uploads\/2026\/01\/2026-Label-Club-Valide-Handicape-1024x766.png 1024w, https:\/\/www.chouetteenvol.fr\/wp-content\/uploads\/2026\/01\/2026-Label-Club-Valide-Handicape-300x224.png 300w, https:\/\/www.chouetteenvol.fr\/wp-content\/uploads\/2026\/01\/2026-Label-Club-Valide-Handicape-768x575.png 768w, https:\/\/www.chouetteenvol.fr\/wp-content\/uploads\/2026\/01\/2026-Label-Club-Valide-Handicape-1536x1149.png 1536w, https:\/\/www.chouetteenvol.fr\/wp-content\/uploads\/2026\/01\/2026-Label-Club-Valide-Handicape.png 1692w\" sizes=\"auto, (max-width: 1024px) 100vw, 1024px\" \/><\/figure>\n\n\n\n<h3 class=\"wp-block-heading\"><strong>Information assurance<\/strong><\/h3>\n\n\n\n<p>Les pilotes sont qualifi\u00e9s \u201dbiplace\u00a0\u00bb d\u00e9livr\u00e9 par la f\u00e9d\u00e9ration Fran\u00e7aise de Vol Libre. Pour les vols en fauteuil, les pilotes poss\u00e8dent en plus la qualification Hand&rsquo;Icare. Ils sont titulaires d&rsquo;une assurance en responsabilit\u00e9 civile (RC) couvrant le risque a\u00e9rien et une individuelle accident (IA) passager. Cependant, il convient de v\u00e9rifier la couverture de votre mutuelle, de votre assurance \u201dmulti-risques vie priv\u00e9e\u201d et des assurances de vos pr\u00eats immobiliers et personnels.<\/p>\n\n\n\n<h3 class=\"wp-block-heading\"><strong>L\u2019\u00e9quipe de Chouette Envol<\/strong><\/h3>\n\n\n\n<figure class=\"wp-block-image size-large\"><img loading=\"lazy\" decoding=\"async\" width=\"720\" height=\"480\" src=\"https:\/\/www.chouetteenvol.fr\/wp-content\/uploads\/2020\/10\/IMG_8043-Small.jpg\" alt=\"\" class=\"wp-image-736\" srcset=\"https:\/\/www.chouetteenvol.fr\/wp-content\/uploads\/2020\/10\/IMG_8043-Small.jpg 720w, https:\/\/www.chouetteenvol.fr\/wp-content\/uploads\/2020\/10\/IMG_8043-Small-300x200.jpg 300w\" sizes=\"auto, (max-width: 720px) 100vw, 720px\" \/><\/figure>\n\n\n\n<p><em>Chouette Envol fonctionne gr\u00e2ce \u00e0 plus de 30 b\u00e9n\u00e9voles. Malheureusement, tous ne figurent pas sur cette photo.<\/em> <\/p>\n\n\n\n<div class=\"wp-block-group\"><div class=\"wp-block-group__inner-container is-layout-flow wp-block-group-is-layout-flow\">\n<h3 class=\"wp-block-heading\"><strong>Vos v\u00eatements aux couleurs de Chouette Envol<\/strong><\/h3>\n<\/div><\/div>\n\n\n\n<p>Vous avez la possibilit\u00e9 de faire broder votre v\u00eatement pr\u00e9f\u00e9r\u00e9 aux couleurs de <strong>Chouette Envol<\/strong>. <br><\/p>\n\n\n\n<p>Rendez-vous chez D\u00e9catlon avec votre v\u00eatement, choisissez la broderie au format coeur ou\/et dos et sp\u00e9cifiez le num\u00e9ro de prise en charge <strong>3128201531<\/strong>. Les frais techniques ont \u00e9t\u00e9 pris en charge par le club).  Prix : 5\u20ac en coeur, 10\u20ac dans le dos.<\/p>\n","protected":false},"excerpt":{"rendered":"<p>Chouette Envol Vous pouvez nous contacter, par mail chouetteenvol@gmail.com Infos l\u00e9gales Si\u00e8ge : Maison des Associations&nbsp;&nbsp;&nbsp;&nbsp;&nbsp;&nbsp;&nbsp;&nbsp;&nbsp;&nbsp;&nbsp;&nbsp; boite TT9 &nbsp;&nbsp;&nbsp;&nbsp;&nbsp;&nbsp;&nbsp;&nbsp;&nbsp;&nbsp;&nbsp;&nbsp; 2, Rue des Corroyeurs&nbsp;&nbsp;&nbsp;&nbsp;&nbsp;&nbsp;&nbsp;&nbsp;&nbsp;&nbsp;&nbsp; 21000 Dijon Le club Chouette Envol est [&hellip;]<\/p>\n","protected":false},"author":4,"featured_media":0,"parent":0,"menu_order":0,"comment_status":"closed","ping_status":"closed","template":"","meta":{"footnotes":""},"class_list":["post-7","page","type-page","status-publish","hentry"],"_links":{"self":[{"href":"https:\/\/www.chouetteenvol.fr\/index.php\/wp-json\/wp\/v2\/pages\/7","targetHints":{"allow":["GET"]}}],"collection":[{"href":"https:\/\/www.chouetteenvol.fr\/index.php\/wp-json\/wp\/v2\/pages"}],"about":[{"href":"https:\/\/www.chouetteenvol.fr\/index.php\/wp-json\/wp\/v2\/types\/page"}],"author":[{"embeddable":true,"href":"https:\/\/www.chouetteenvol.fr\/index.php\/wp-json\/wp\/v2\/users\/4"}],"replies":[{"embeddable":true,"href":"https:\/\/www.chouetteenvol.fr\/index.php\/wp-json\/wp\/v2\/comments?post=7"}],"version-history":[{"count":45,"href":"https:\/\/www.chouetteenvol.fr\/index.php\/wp-json\/wp\/v2\/pages\/7\/revisions"}],"predecessor-version":[{"id":1319,"href":"https:\/\/www.chouetteenvol.fr\/index.php\/wp-json\/wp\/v2\/pages\/7\/revisions\/1319"}],"wp:attachment":[{"href":"https:\/\/www.chouetteenvol.fr\/index.php\/wp-json\/wp\/v2\/media?parent=7"}],"curies":[{"name":"wp","href":"https:\/\/api.w.org\/{rel}","templated":true}]}}