{"id":587,"date":"2020-05-11T19:20:52","date_gmt":"2020-05-11T17:20:52","guid":{"rendered":"https:\/\/www.chouetteenvol.ft\/?page_id=587"},"modified":"2020-05-11T19:20:52","modified_gmt":"2020-05-11T17:20:52","slug":"meteo","status":"publish","type":"page","link":"https:\/\/www.chouetteenvol.fr\/index.php\/meteo\/","title":{"rendered":"M\u00e9t\u00e9o"},"content":{"rendered":"\n<h2 class=\"wp-block-heading\">Quel d\u00e9lai ?<\/h2>\n\n\n\n<p>\u00e0 5 \u00e0 6 jours, il faut regarder le type de temps attendu et la fiabilit\u00e9 des indices de confiance.<\/p>\n\n\n\n<h2 class=\"wp-block-heading\">Quel site Web ?<\/h2>\n\n\n\n<p>Pour estimer le vent : <a href=\"http:\/\/www.xcweather.com\">XCWeather<\/a> pour Dijon donne la tendance globale.<\/p>\n\n\n\n<p>Pour voir la fiabilit\u00e9 des mod\u00e8les <a href=\"https:\/\/www.meteoblue.com\/fr\/meteo\/prevision\/multimodel\/chaux_france_3025800\" target=\"_blank\" rel=\"noreferrer noopener\">MeteoBlue<\/a><\/p>\n\n\n\n<p>Pour estimer le vent et les rafales : <a href=\"http:\/\/www.meteofrance.com\/previsions-meteo-france\/cote-d-or\/21\" target=\"_blank\" rel=\"noreferrer noopener\">M\u00e9t\u00e9oFrance<\/a>.<br>le vent max ne doit pas d\u00e9passer 25km\/h en rafale.<\/p>\n\n\n\n<p>En compl\u00e9ment, la vue multi-mod\u00e8le de <a href=\"https:\/\/www.wxcharts.com\/?panel=default&amp;model=gfs,gfs,gfs,gfs&amp;region=france&amp;chart=convective_overview,850temp,wind10mkph,snowdepth&amp;run=12&amp;step=126&amp;plottype=5&amp;lat=47.130&amp;lon=4.905&amp;skewtstep=0\" target=\"_blank\" rel=\"noreferrer noopener\">wxcharts<\/a><\/p>\n\n\n\n<p><a href=\"http:\/\/www.meteociel.fr\/previsions-haute-altitude\/6116\/chaux.htm\" target=\"_blank\" rel=\"noreferrer noopener\">M\u00e9t\u00e9oCiel<\/a> donne un tr\u00e8s bon d\u00e9tail \u00e9galement avec l&rsquo;info haute altitude.<\/p>\n\n\n\n<p><a rel=\"noreferrer noopener\" href=\"https:\/\/meteo-parapente.com\/#\/47.1337,4.9142,13\" target=\"_blank\">M\u00e9t\u00e9oParapente<\/a> est une bonne contribution \u00e9galement consultable sur <a rel=\"noreferrer noopener\" href=\"http:\/\/www.velivole.fr\" target=\"_blank\">Velivole<\/a><\/p>\n\n\n\n<h2 class=\"wp-block-heading\">Quelles plages  de vent ?<\/h2>\n\n\n\n<p>En treuil, c&rsquo;est volable entre 0 et 30km\/h.<\/p>\n\n\n\n<p>Si l&rsquo;\u00e9cart entre le vent moyen et le vent en rafale est sup\u00e9rieur \u00e0 10km\/h, il faut s&rsquo;abstenir de voler.<\/p>\n\n\n\n<p>Bien regarder si le vent \u00e0 500m au dessus du sol ne d\u00e9passe 30km\/h.<\/p>\n\n\n\n<h2 class=\"wp-block-heading\">Quel site ?<\/h2>\n\n\n\n<p>Nord\/Sud : chaux 21700<\/p>\n\n\n\n<p>Sud-Est\/Nord-ouest : Rouvre en Plaine<\/p>\n\n\n\n<p><a href=\"http:\/\/laplanque.hopto.org\/meteo.php\">Balise de Longvic<\/a><\/p>\n","protected":false},"excerpt":{"rendered":"<p>Quel d\u00e9lai ? \u00e0 5 \u00e0 6 jours, il faut regarder le type de temps attendu et la fiabilit\u00e9 des indices de confiance. Quel site Web ? Pour estimer le [&hellip;]<\/p>\n","protected":false},"author":4,"featured_media":0,"parent":0,"menu_order":0,"comment_status":"closed","ping_status":"closed","template":"","meta":{"footnotes":""},"class_list":["post-587","page","type-page","status-publish","hentry"],"_links":{"self":[{"href":"https:\/\/www.chouetteenvol.fr\/index.php\/wp-json\/wp\/v2\/pages\/587","targetHints":{"allow":["GET"]}}],"collection":[{"href":"https:\/\/www.chouetteenvol.fr\/index.php\/wp-json\/wp\/v2\/pages"}],"about":[{"href":"https:\/\/www.chouetteenvol.fr\/index.php\/wp-json\/wp\/v2\/types\/page"}],"author":[{"embeddable":true,"href":"https:\/\/www.chouetteenvol.fr\/index.php\/wp-json\/wp\/v2\/users\/4"}],"replies":[{"embeddable":true,"href":"https:\/\/www.chouetteenvol.fr\/index.php\/wp-json\/wp\/v2\/comments?post=587"}],"version-history":[{"count":2,"href":"https:\/\/www.chouetteenvol.fr\/index.php\/wp-json\/wp\/v2\/pages\/587\/revisions"}],"predecessor-version":[{"id":590,"href":"https:\/\/www.chouetteenvol.fr\/index.php\/wp-json\/wp\/v2\/pages\/587\/revisions\/590"}],"wp:attachment":[{"href":"https:\/\/www.chouetteenvol.fr\/index.php\/wp-json\/wp\/v2\/media?parent=587"}],"curies":[{"name":"wp","href":"https:\/\/api.w.org\/{rel}","templated":true}]}}