{"id":414,"date":"2019-01-25T16:48:32","date_gmt":"2019-01-25T15:48:32","guid":{"rendered":"https:\/\/www.chouetteenvol.ft\/?page_id=414"},"modified":"2025-06-11T11:29:24","modified_gmt":"2025-06-11T09:29:24","slug":"sponsors","status":"publish","type":"page","link":"https:\/\/www.chouetteenvol.fr\/index.php\/sponsors\/","title":{"rendered":"M\u00e9c\u00e8nes &#038; Donateurs"},"content":{"rendered":"\n<p>Si Chouette Envol peut proposer des vols en parapente, c&rsquo;est gr\u00e2ce \u00e0 ses b\u00e9n\u00e9voles et \u00e0 ses m\u00e9c\u00e8nes. M\u00eame si les b\u00e9n\u00e9ficiaires sont sollicit\u00e9s financi\u00e8rement lors des vols, les besoins en financement ne sont pas tous r\u00e9alis\u00e9s. C&rsquo;est pourquoi <strong>Chouette Envol<\/strong> fait appel aux subventions des institutionnels mais aussi au m\u00e9c\u00e9nat priv\u00e9.<\/p>\n\n\n\n<h2 class=\"wp-block-heading\">M\u00e9c\u00e9nat, pourquoi ?<\/h2>\n\n\n\n<p>Vous \u00eates sensible aux valeurs pr\u00f4n\u00e9es par Chouette Envol (inclusion, partage, etc..) ? Vous adh\u00e9rez aux projets d&rsquo;utilisation du parapente dans le parcours de soin ou de vie des personnes en situation de handicap, malades ou fragiles ? Le dispositif m\u00e9c\u00e9nat vous permet d&rsquo;aider l&rsquo;association tout en b\u00e9n\u00e9ficiant de r\u00e9duction fiscale. <\/p>\n\n\n\n<h2 class=\"wp-block-heading\">M\u00e9c\u00e9nat, comment ?<\/h2>\n\n\n\n<p>Le m\u00e9c\u00e8ne peut aider principalement sous deux formes:<\/p>\n\n\n\n<ul class=\"wp-block-list\">\n<li>financi\u00e8rement par un don en num\u00e9raire,<\/li>\n\n\n\n<li>en nature, en donnant un bien immobilis\u00e9, en fournissant des marchandises en stock, en ex\u00e9cutant des services \u00e0 l&rsquo;association ou en mettant \u00e0 disposition certaines comp\u00e9tences de l&rsquo;entreprise.  <\/li>\n<\/ul>\n\n\n\n<p><a href=\"https:\/\/www.associations.gouv.fr\/IMG\/pdf\/mecenat_brochure_pratique.pdf\">https:\/\/www.associations.gouv.fr\/IMG\/pdf\/mecenat_brochure_pratique.pdf<\/a><\/p>\n\n\n\n<p><a href=\"https:\/\/www.associations.gouv.fr\/IMG\/pdf\/mecenat_guide_juridique.pdf\">https:\/\/www.associations.gouv.fr\/IMG\/pdf\/mecenat_guide_juridique.pdf<\/a><\/p>\n\n\n\n<h2 class=\"wp-block-heading\">D\u00e9duction d&rsquo;imp\u00f4t <\/h2>\n\n\n\n<p>Par le rescrit du 16 f\u00e9vrier 2020, l\u2019association Chouette Envol est autoris\u00e9e \u00e0 d\u00e9livrer des re\u00e7us fiscaux dans le cadre des articles 200 et 238 bis du code g\u00e9n\u00e9ral des imp\u00f4ts. Ce qui vous permet de d\u00e9duire 66% du don effectu\u00e9 de vos imp\u00f4ts. <\/p>\n\n\n\n<p>Par exemple, si vous faites un don de 500\u20ac, votre r\u00e9duction d&rsquo;imp\u00f4ts sera de 333\u20ac. Parlez-en \u00e0 votre comptable.<\/p>\n\n\n\n<h2 class=\"wp-block-heading\">Il nous font confiance!<\/h2>\n\n\n<div class=\"wp-block-image\">\n<figure class=\"aligncenter size-large\"><img loading=\"lazy\" decoding=\"async\" width=\"1024\" height=\"1024\" src=\"https:\/\/www.chouetteenvol.fr\/wp-content\/uploads\/2023\/11\/Logo-mecenes-Navara-sans-fond.resized-1024x1024.png\" alt=\"\" class=\"wp-image-1170\" srcset=\"https:\/\/www.chouetteenvol.fr\/wp-content\/uploads\/2023\/11\/Logo-mecenes-Navara-sans-fond.resized-1024x1024.png 1024w, https:\/\/www.chouetteenvol.fr\/wp-content\/uploads\/2023\/11\/Logo-mecenes-Navara-sans-fond.resized-300x300.png 300w, https:\/\/www.chouetteenvol.fr\/wp-content\/uploads\/2023\/11\/Logo-mecenes-Navara-sans-fond.resized-150x150.png 150w, https:\/\/www.chouetteenvol.fr\/wp-content\/uploads\/2023\/11\/Logo-mecenes-Navara-sans-fond.resized-768x768.png 768w, https:\/\/www.chouetteenvol.fr\/wp-content\/uploads\/2023\/11\/Logo-mecenes-Navara-sans-fond.resized.png 1477w\" sizes=\"auto, (max-width: 1024px) 100vw, 1024px\" \/><\/figure>\n<\/div>\n\n<div class=\"wp-block-image\">\n<figure class=\"aligncenter size-full is-resized\"><img loading=\"lazy\" decoding=\"async\" width=\"733\" height=\"436\" src=\"https:\/\/www.chouetteenvol.fr\/wp-content\/uploads\/2025\/06\/engie.png\" alt=\"\" class=\"wp-image-1293\" style=\"width:484px;height:auto\" srcset=\"https:\/\/www.chouetteenvol.fr\/wp-content\/uploads\/2025\/06\/engie.png 733w, https:\/\/www.chouetteenvol.fr\/wp-content\/uploads\/2025\/06\/engie-300x178.png 300w\" sizes=\"auto, (max-width: 733px) 100vw, 733px\" \/><\/figure>\n<\/div>\n\n\n<p>En septembre 2022 lors de <strong>Grand D\u00e9j<\/strong> de Dijon, Chouette Envol a re\u00e7u le prix de la ville pour ses actions vers les personnes en situation de handicap.<\/p>\n\n\n\n<p><\/p>\n","protected":false},"excerpt":{"rendered":"<p>Si Chouette Envol peut proposer des vols en parapente, c&rsquo;est gr\u00e2ce \u00e0 ses b\u00e9n\u00e9voles et \u00e0 ses m\u00e9c\u00e8nes. M\u00eame si les b\u00e9n\u00e9ficiaires sont sollicit\u00e9s financi\u00e8rement lors des vols, les besoins [&hellip;]<\/p>\n","protected":false},"author":4,"featured_media":0,"parent":0,"menu_order":0,"comment_status":"closed","ping_status":"closed","template":"","meta":{"footnotes":""},"class_list":["post-414","page","type-page","status-publish","hentry"],"_links":{"self":[{"href":"https:\/\/www.chouetteenvol.fr\/index.php\/wp-json\/wp\/v2\/pages\/414","targetHints":{"allow":["GET"]}}],"collection":[{"href":"https:\/\/www.chouetteenvol.fr\/index.php\/wp-json\/wp\/v2\/pages"}],"about":[{"href":"https:\/\/www.chouetteenvol.fr\/index.php\/wp-json\/wp\/v2\/types\/page"}],"author":[{"embeddable":true,"href":"https:\/\/www.chouetteenvol.fr\/index.php\/wp-json\/wp\/v2\/users\/4"}],"replies":[{"embeddable":true,"href":"https:\/\/www.chouetteenvol.fr\/index.php\/wp-json\/wp\/v2\/comments?post=414"}],"version-history":[{"count":19,"href":"https:\/\/www.chouetteenvol.fr\/index.php\/wp-json\/wp\/v2\/pages\/414\/revisions"}],"predecessor-version":[{"id":1294,"href":"https:\/\/www.chouetteenvol.fr\/index.php\/wp-json\/wp\/v2\/pages\/414\/revisions\/1294"}],"wp:attachment":[{"href":"https:\/\/www.chouetteenvol.fr\/index.php\/wp-json\/wp\/v2\/media?parent=414"}],"curies":[{"name":"wp","href":"https:\/\/api.w.org\/{rel}","templated":true}]}}