{"id":305,"date":"2019-01-10T11:51:18","date_gmt":"2019-01-10T10:51:18","guid":{"rendered":"http:\/\/192.168.0.1\/ChouetteEnvol\/?page_id=305"},"modified":"2022-01-07T17:07:04","modified_gmt":"2022-01-07T16:07:04","slug":"reservation","status":"publish","type":"page","link":"https:\/\/www.chouetteenvol.fr\/index.php\/reservation\/","title":{"rendered":"R\u00e9servation et Adh\u00e9sion"},"content":{"rendered":"<p><strong>R\u00e9servation<\/strong> : <a href=\"mailto:chouetteenvol@gmail.com\"><strong>chouetteenvol@gmail.com<\/strong><\/a><\/p>\n<p>Pensez \u00e0 prendre un avis m\u00e9dical selon votre pathologie.<\/p>\n<p>L&rsquo;autorisation \u00e9crite parentale ou du tuteur est indispensable pour les mineurs ou les personnes sous tutelle s&rsquo;il n&rsquo;est pas pr\u00e9sent lors du vol.<\/p>\n<p><strong>Adh\u00e9sion au club<\/strong>:<\/p>\n<p>Vous souhaitez adh\u00e9rer \u00e0 Chouette envol, parce que vous \u00eates parapentiste, ou mieux biplaceur, ou vous souhaitez aider au sein de Hand&rsquo;Icare, ou vous voulez pratiquer des vols de plaine, ou simplement faire partie d\u2019une \u00e9quipe sympa\u2026<\/p>\n<p>Alors n\u2019h\u00e9sitez pas\u00a0!<\/p>\n<ul>\n<li>Si vous \u00eates licenci\u00e9 <a href=\"http:\/\/www.ffvl.fr\"><strong>FFVL<\/strong><\/a>, rendez-vous sur la\u00a0 page <strong>Mon intranet \/ Ma licence<\/strong> de l&rsquo;intranet f\u00e9d\u00e9ral puis s\u00e9lectionnez <strong>Adh\u00e9sion autre club<\/strong>.<\/li>\n<li>Si vous ne l&rsquo;\u00eates pas (non volant sympathisant),\u00a0 laissez vous guider sur <a href=\"https:\/\/intranet.ffvl.fr\/ffvl_licenceonline\"><strong>https:\/\/intranet.ffvl.fr\/ffvl_licenceonline<\/strong><\/a> ou demandez \u00e0 <a href=\"mailto:chouetteenvol@gmail.com\"><strong>Jean-Michel.<\/strong><\/a><\/li>\n<\/ul>\n\n\n<p><\/p>\n","protected":false},"excerpt":{"rendered":"<p>R\u00e9servation : chouetteenvol@gmail.com Pensez \u00e0 prendre un avis m\u00e9dical selon votre pathologie. L&rsquo;autorisation \u00e9crite parentale ou du tuteur est indispensable pour les mineurs ou les personnes sous tutelle s&rsquo;il n&rsquo;est [&hellip;]<\/p>\n","protected":false},"author":4,"featured_media":0,"parent":0,"menu_order":0,"comment_status":"closed","ping_status":"closed","template":"","meta":{"footnotes":""},"class_list":["post-305","page","type-page","status-publish","hentry"],"_links":{"self":[{"href":"https:\/\/www.chouetteenvol.fr\/index.php\/wp-json\/wp\/v2\/pages\/305","targetHints":{"allow":["GET"]}}],"collection":[{"href":"https:\/\/www.chouetteenvol.fr\/index.php\/wp-json\/wp\/v2\/pages"}],"about":[{"href":"https:\/\/www.chouetteenvol.fr\/index.php\/wp-json\/wp\/v2\/types\/page"}],"author":[{"embeddable":true,"href":"https:\/\/www.chouetteenvol.fr\/index.php\/wp-json\/wp\/v2\/users\/4"}],"replies":[{"embeddable":true,"href":"https:\/\/www.chouetteenvol.fr\/index.php\/wp-json\/wp\/v2\/comments?post=305"}],"version-history":[{"count":12,"href":"https:\/\/www.chouetteenvol.fr\/index.php\/wp-json\/wp\/v2\/pages\/305\/revisions"}],"predecessor-version":[{"id":873,"href":"https:\/\/www.chouetteenvol.fr\/index.php\/wp-json\/wp\/v2\/pages\/305\/revisions\/873"}],"wp:attachment":[{"href":"https:\/\/www.chouetteenvol.fr\/index.php\/wp-json\/wp\/v2\/media?parent=305"}],"curies":[{"name":"wp","href":"https:\/\/api.w.org\/{rel}","templated":true}]}}