{"id":231,"date":"2019-01-04T10:23:55","date_gmt":"2019-01-04T09:23:55","guid":{"rendered":"http:\/\/192.168.0.1\/ChouetteEnvol\/?page_id=231"},"modified":"2022-02-14T15:55:44","modified_gmt":"2022-02-14T14:55:44","slug":"le-treuil-comment-ca-marche","status":"publish","type":"page","link":"https:\/\/www.chouetteenvol.fr\/index.php\/le-treuil-comment-ca-marche\/","title":{"rendered":"Le treuil, comment \u00e7a marche ?"},"content":{"rendered":"\n<p><strong>La technique<br><\/strong>Traditionnellement le d\u00e9collage en parapente se fait \u00e0 partir d\u2019une pente de montage ou de colline. Ensuite les courants ascendants et le vent font le reste&#8230;.<br><br> En plaine, les parapentistes utilisent la technique du treuil pour se  hisser entre 300m et 800m d\u2019altitude, en remplacement de la montagne. <\/p>\n\n\n\n<figure class=\"wp-block-image size-large\"><img loading=\"lazy\" decoding=\"async\" width=\"1024\" height=\"683\" src=\"https:\/\/www.chouetteenvol.fr\/wp-content\/uploads\/2019\/01\/Gentianes-047-Medium-1024x683.jpg\" alt=\"\" class=\"wp-image-255\" srcset=\"https:\/\/www.chouetteenvol.fr\/wp-content\/uploads\/2019\/01\/Gentianes-047-Medium-1024x683.jpg 1024w, https:\/\/www.chouetteenvol.fr\/wp-content\/uploads\/2019\/01\/Gentianes-047-Medium-300x200.jpg 300w, https:\/\/www.chouetteenvol.fr\/wp-content\/uploads\/2019\/01\/Gentianes-047-Medium-768x512.jpg 768w, https:\/\/www.chouetteenvol.fr\/wp-content\/uploads\/2019\/01\/Gentianes-047-Medium.jpg 1152w\" sizes=\"auto, (max-width: 1024px) 100vw, 1024px\" \/><\/figure>\n\n\n\n<p> Cette technique rend possible les vols avec fauteuil lorsque l\u2019environnement g\u00e9ographique ne&nbsp; permet pas le d\u00e9collage \u00e0 pied.<\/p>\n\n\n\n<div class=\"wp-block-image\"><figure class=\"aligncenter size-large\"><img loading=\"lazy\" decoding=\"async\" width=\"1024\" height=\"614\" src=\"https:\/\/www.chouetteenvol.fr\/wp-content\/uploads\/2018\/12\/cropped-71-Small-1024x614.jpg\" alt=\"\" class=\"wp-image-35\" srcset=\"https:\/\/www.chouetteenvol.fr\/wp-content\/uploads\/2018\/12\/cropped-71-Small-1024x614.jpg 1024w, https:\/\/www.chouetteenvol.fr\/wp-content\/uploads\/2018\/12\/cropped-71-Small-300x180.jpg 300w, https:\/\/www.chouetteenvol.fr\/wp-content\/uploads\/2018\/12\/cropped-71-Small-768x461.jpg 768w, https:\/\/www.chouetteenvol.fr\/wp-content\/uploads\/2018\/12\/cropped-71-Small.jpg 2000w\" sizes=\"auto, (max-width: 1024px) 100vw, 1024px\" \/><figcaption><sub><strong>Cr\u00e9dit Bruno Charbonneau<\/strong><\/sub><\/figcaption><\/figure><\/div>\n\n\n\n<p>Le club Chouette Envol utilise la technique du treuil d\u00e9vidoir. Un v\u00e9hicule de type petit 4&#215;4 roule et d\u00e9vide un c\u00e2ble sur lequel le parapente est accroch\u00e9. La tension appliqu\u00e9e au c\u00e2ble permet au parapente de s&rsquo;\u00e9lever dans les airs. En bout de piste, le parapente se largue et vole de ses propres ailes.<\/p>\n\n\n\n<figure class=\"wp-block-image size-large\"><img loading=\"lazy\" decoding=\"async\" width=\"720\" height=\"480\" src=\"https:\/\/www.chouetteenvol.fr\/wp-content\/uploads\/2020\/10\/IMG_7830-Small.jpg\" alt=\"\" class=\"wp-image-732\" srcset=\"https:\/\/www.chouetteenvol.fr\/wp-content\/uploads\/2020\/10\/IMG_7830-Small.jpg 720w, https:\/\/www.chouetteenvol.fr\/wp-content\/uploads\/2020\/10\/IMG_7830-Small-300x200.jpg 300w\" sizes=\"auto, (max-width: 720px) 100vw, 720px\" \/><\/figure>\n\n\n\n<p>Les mat\u00e9riels utilis\u00e9s sont homologu\u00e9s soit par une norme europ\u00e9enne (voile, casque, sellette) soit par la F\u00e9d\u00e9ration Fran\u00e7aise de Vol Libre (fauteuil). Le treuil est \u00e9quip\u00e9 des organes de s\u00e9curit\u00e9 conform\u00e9ment aux recommandations de la F\u00e9d\u00e9ration Fran\u00e7aise de Vol Libre.<\/p>\n\n\n\n<figure class=\"wp-block-image size-large\"><img loading=\"lazy\" decoding=\"async\" width=\"1024\" height=\"593\" src=\"https:\/\/www.chouetteenvol.fr\/wp-content\/uploads\/2019\/01\/222-Medium-1024x593.jpg\" alt=\"\" class=\"wp-image-257\" srcset=\"https:\/\/www.chouetteenvol.fr\/wp-content\/uploads\/2019\/01\/222-Medium-1024x593.jpg 1024w, https:\/\/www.chouetteenvol.fr\/wp-content\/uploads\/2019\/01\/222-Medium-300x174.jpg 300w, https:\/\/www.chouetteenvol.fr\/wp-content\/uploads\/2019\/01\/222-Medium-768x445.jpg 768w, https:\/\/www.chouetteenvol.fr\/wp-content\/uploads\/2019\/01\/222-Medium.jpg 1326w\" sizes=\"auto, (max-width: 1024px) 100vw, 1024px\" \/><figcaption><sub><strong>cr\u00e9dit : Bruno Charbonneau<\/strong><\/sub><\/figcaption><\/figure>\n\n\n\n<p><strong>Nos moyens humains<br><\/strong>Sur la plateforme de treuil, vous trouverez :<\/p>\n\n\n\n<ul class=\"wp-block-list\"><li>un pilote qualifi\u00e9 biplace hand\u2019Icare,<\/li><li>deux assistants au d\u00e9collage,<\/li><li>un starter pour assurer la s\u00e9curit\u00e9 au d\u00e9collage,<\/li><li>un treuilleur et son chauffeur.<\/li><\/ul>\n\n\n\n<p>Concentration du pilote avant le d\u00e9collage. Les assistants sont pr\u00eats.<\/p>\n\n\n\n<figure class=\"wp-block-image size-large\"><img loading=\"lazy\" decoding=\"async\" width=\"1024\" height=\"768\" src=\"https:\/\/www.chouetteenvol.fr\/wp-content\/uploads\/2018\/12\/treuil-chaux-061018-75-1024x768.jpg\" alt=\"\" class=\"wp-image-137\" srcset=\"https:\/\/www.chouetteenvol.fr\/wp-content\/uploads\/2018\/12\/treuil-chaux-061018-75-1024x768.jpg 1024w, https:\/\/www.chouetteenvol.fr\/wp-content\/uploads\/2018\/12\/treuil-chaux-061018-75-300x225.jpg 300w, https:\/\/www.chouetteenvol.fr\/wp-content\/uploads\/2018\/12\/treuil-chaux-061018-75-768x576.jpg 768w, https:\/\/www.chouetteenvol.fr\/wp-content\/uploads\/2018\/12\/treuil-chaux-061018-75.jpg 1600w\" sizes=\"auto, (max-width: 1024px) 100vw, 1024px\" \/><\/figure>\n\n\n\n<p><strong>Nos moyens mat\u00e9riels<\/strong><\/p>\n\n\n\n<ul class=\"wp-block-list\"><li>un treuil adapt\u00e9 \u00e0 une charge de 220kg et fiable,<\/li><li>des radios performantes de communication,<\/li><li>un fauteuil adapt\u00e9, ultra l\u00e9ger, souple et r\u00e9sistant (acier de qualit\u00e9 a\u00e9ronautique),<\/li><li>des \u00e9quipements biplace complets homologu\u00e9s : voile, sellette pilote, parachute de secours,<\/li><li>deux sellettes adapt\u00e9es aux enfants,<\/li><li>des syst\u00e8mes de largage efficaces et \u00e9prouv\u00e9s,<\/li><li>des \u00e9quipements de confort pour les passagers (barnum,etc\u2026).<\/li><\/ul>\n\n\n\n<figure class=\"wp-block-embed is-type-video is-provider-youtube wp-block-embed-youtube wp-embed-aspect-16-9 wp-has-aspect-ratio\"><div class=\"wp-block-embed__wrapper\">\n<iframe loading=\"lazy\" title=\"Un weekend de parapente \u00e0 Ch\u00e2tillon sur Seine\" width=\"640\" height=\"360\" src=\"https:\/\/www.youtube.com\/embed\/uNpxiSyXlV8?feature=oembed\" frameborder=\"0\" allow=\"accelerometer; autoplay; clipboard-write; encrypted-media; gyroscope; picture-in-picture; web-share\" referrerpolicy=\"strict-origin-when-cross-origin\" allowfullscreen><\/iframe>\n<\/div><\/figure>\n\n\n\n<p><mark style=\"background-color:rgba(0, 0, 0, 0);color:#ffffff\" class=\"has-inline-color\">parapente dijon handicap voler ffvl<\/mark><\/p>\n","protected":false},"excerpt":{"rendered":"<p>La techniqueTraditionnellement le d\u00e9collage en parapente se fait \u00e0 partir d\u2019une pente de montage ou de colline. Ensuite les courants ascendants et le vent font le reste&#8230;. En plaine, les [&hellip;]<\/p>\n","protected":false},"author":4,"featured_media":0,"parent":0,"menu_order":0,"comment_status":"closed","ping_status":"closed","template":"","meta":{"footnotes":""},"class_list":["post-231","page","type-page","status-publish","hentry"],"_links":{"self":[{"href":"https:\/\/www.chouetteenvol.fr\/index.php\/wp-json\/wp\/v2\/pages\/231","targetHints":{"allow":["GET"]}}],"collection":[{"href":"https:\/\/www.chouetteenvol.fr\/index.php\/wp-json\/wp\/v2\/pages"}],"about":[{"href":"https:\/\/www.chouetteenvol.fr\/index.php\/wp-json\/wp\/v2\/types\/page"}],"author":[{"embeddable":true,"href":"https:\/\/www.chouetteenvol.fr\/index.php\/wp-json\/wp\/v2\/users\/4"}],"replies":[{"embeddable":true,"href":"https:\/\/www.chouetteenvol.fr\/index.php\/wp-json\/wp\/v2\/comments?post=231"}],"version-history":[{"count":25,"href":"https:\/\/www.chouetteenvol.fr\/index.php\/wp-json\/wp\/v2\/pages\/231\/revisions"}],"predecessor-version":[{"id":908,"href":"https:\/\/www.chouetteenvol.fr\/index.php\/wp-json\/wp\/v2\/pages\/231\/revisions\/908"}],"wp:attachment":[{"href":"https:\/\/www.chouetteenvol.fr\/index.php\/wp-json\/wp\/v2\/media?parent=231"}],"curies":[{"name":"wp","href":"https:\/\/api.w.org\/{rel}","templated":true}]}}