{"id":120,"date":"2018-12-28T14:08:15","date_gmt":"2018-12-28T13:08:15","guid":{"rendered":"http:\/\/192.168.0.47\/ChouetteEnvol\/?page_id=120"},"modified":"2019-02-17T11:01:15","modified_gmt":"2019-02-17T10:01:15","slug":"chs","status":"publish","type":"page","link":"https:\/\/www.chouetteenvol.fr\/index.php\/chs\/","title":{"rendered":"Une m\u00e9diation pour le Centre Hospitalier La Chartreuse"},"content":{"rendered":"\n<p>Au Centre Hospitalier de la\nChartreuse \u00e0 Dijon, &nbsp;des activit\u00e9s de m\u00e9diations sont utilis\u00e9es comme\nsoin. Elles sont ouvertes aux patients hospitalis\u00e9s, ainsi qu\u2019\u00e0 ceux suivis en\nextrahospitalier. Sur prescription m\u00e9dicale, elles visent \u00e0 favoriser\nl\u2019am\u00e9lioration d\u2019un bien-\u00eatre physique, mental, psychique et social dans une\nprise en soins globale de la personne, \u00e0 lutter contre la chronicit\u00e9 et la\nd\u00e9pendance \u00e0 l\u2019institution.&nbsp;Elles visent \u00e9galement \u00e0 aider les patients \u00e0\npr\u00e9parer leur sortie d\u00e9finitive et se r\u00e9ins\u00e9rer dans la vie sociale. <\/p>\n\n\n\n<p>Apr\u00e8s une p\u00e9riode\nd\u2019exp\u00e9rimentation au printemps, le CH La Chartreuse a int\u00e9gr\u00e9 la pratique\nbiplace dans les m\u00e9diations propos\u00e9es. L\u2019id\u00e9e principale est de prendre plaisir\n\u00e0 vivre une exp\u00e9rience extraordinaire (dans le sens qui sort de l\u2019ordinaire),\nse laisser aller mais aussi se d\u00e9passer, redonner du gout \u00e0 l\u2019exp\u00e9rience, se\ndonner confiance, donner sa confiance \u00e0 l\u2019autre. La pratique du parapente\nbiplace s\u2019est montr\u00e9 un outil tr\u00e8s int\u00e9ressant dans l\u2019exp\u00e9rimentation du\nrisque. Celui de mourir mais aussi celui de vivre\u2026<\/p>\n\n\n\n<p>Un exemple de r\u00e9ussite : K\u00e9vin se\nrefusait \u00e0 toute activit\u00e9 et restait prostr\u00e9 dans sa chambre. Apr\u00e8s son vol,\nK\u00e9vin s\u2019est inscrit \u00e0 toutes les sorties propos\u00e9es, sportives ou non. L\u2019\u00e9quipe\nsoignante va pouvoir l\u2019accompagner dans ce nouvel \u00e9lan. Nous t\u00e2cherons de\nrenouveler l\u2019exp\u00e9rience.<\/p>\n\n\n\n<p>* Le pr\u00e9nom est bien \u00e9videment sorti de l\u2019imaginaire comme le dialogue.<\/p>\n","protected":false},"excerpt":{"rendered":"<p>Au Centre Hospitalier de la Chartreuse \u00e0 Dijon, &nbsp;des activit\u00e9s de m\u00e9diations sont utilis\u00e9es comme soin. Elles sont ouvertes aux patients hospitalis\u00e9s, ainsi qu\u2019\u00e0 ceux suivis en extrahospitalier. Sur prescription [&hellip;]<\/p>\n","protected":false},"author":4,"featured_media":459,"parent":0,"menu_order":0,"comment_status":"closed","ping_status":"closed","template":"","meta":{"footnotes":""},"class_list":["post-120","page","type-page","status-publish","has-post-thumbnail","hentry"],"_links":{"self":[{"href":"https:\/\/www.chouetteenvol.fr\/index.php\/wp-json\/wp\/v2\/pages\/120","targetHints":{"allow":["GET"]}}],"collection":[{"href":"https:\/\/www.chouetteenvol.fr\/index.php\/wp-json\/wp\/v2\/pages"}],"about":[{"href":"https:\/\/www.chouetteenvol.fr\/index.php\/wp-json\/wp\/v2\/types\/page"}],"author":[{"embeddable":true,"href":"https:\/\/www.chouetteenvol.fr\/index.php\/wp-json\/wp\/v2\/users\/4"}],"replies":[{"embeddable":true,"href":"https:\/\/www.chouetteenvol.fr\/index.php\/wp-json\/wp\/v2\/comments?post=120"}],"version-history":[{"count":5,"href":"https:\/\/www.chouetteenvol.fr\/index.php\/wp-json\/wp\/v2\/pages\/120\/revisions"}],"predecessor-version":[{"id":379,"href":"https:\/\/www.chouetteenvol.fr\/index.php\/wp-json\/wp\/v2\/pages\/120\/revisions\/379"}],"wp:featuredmedia":[{"embeddable":true,"href":"https:\/\/www.chouetteenvol.fr\/index.php\/wp-json\/wp\/v2\/media\/459"}],"wp:attachment":[{"href":"https:\/\/www.chouetteenvol.fr\/index.php\/wp-json\/wp\/v2\/media?parent=120"}],"curies":[{"name":"wp","href":"https:\/\/api.w.org\/{rel}","templated":true}]}}