{"id":116,"date":"2018-12-28T14:06:38","date_gmt":"2018-12-28T13:06:38","guid":{"rendered":"http:\/\/192.168.0.47\/ChouetteEnvol\/?page_id=116"},"modified":"2019-01-17T11:10:14","modified_gmt":"2019-01-17T10:10:14","slug":"sdat","status":"publish","type":"page","link":"https:\/\/www.chouetteenvol.fr\/index.php\/sdat\/","title":{"rendered":"Reprendre confiance \u00e0 la SDAT"},"content":{"rendered":"\n<p>Ici l\u2019id\u00e9e est de proposer une activit\u00e9 sortant des sentiers battus, de faire d\u00e9couvrir que d\u2019autres univers existent. Au-del\u00e0 du simple plaisir de voler, partager une journ\u00e9e sur le d\u00e9collage donne beaucoup plus qu\u2019une petite bouff\u00e9e d\u2019oxyg\u00e8ne&nbsp;: glaner des id\u00e9es de projets de vie, se dire que c\u2019est possible. \u00ab&nbsp;Une petite bi\u00e8re&nbsp;? \u00bb \u00ab&nbsp;Et bien non les gars, le parapente s\u2019est z\u00e9ro alcool&nbsp;sinon, la sanction peut \u00eatre s\u00e9v\u00e8re&nbsp;!\u00bb \u00ab&nbsp;<em>Les \u00e9l\u00e9ments ne sont pas science &nbsp;exacte\u2026.. Patience et s\u00e9r\u00e9nit\u00e9\u2026 Libert\u00e9\u2026&nbsp;\u00bb<\/em><\/p>\n\n\n\n<p><strong>Photo<\/strong>: briefing avant le vol<\/p>\n","protected":false},"excerpt":{"rendered":"<p>Ici l\u2019id\u00e9e est de proposer une activit\u00e9 sortant des sentiers battus, de faire d\u00e9couvrir que d\u2019autres univers existent. Au-del\u00e0 du simple plaisir de voler, partager une journ\u00e9e sur le d\u00e9collage [&hellip;]<\/p>\n","protected":false},"author":4,"featured_media":343,"parent":0,"menu_order":0,"comment_status":"closed","ping_status":"closed","template":"","meta":{"footnotes":""},"class_list":["post-116","page","type-page","status-publish","has-post-thumbnail","hentry"],"_links":{"self":[{"href":"https:\/\/www.chouetteenvol.fr\/index.php\/wp-json\/wp\/v2\/pages\/116","targetHints":{"allow":["GET"]}}],"collection":[{"href":"https:\/\/www.chouetteenvol.fr\/index.php\/wp-json\/wp\/v2\/pages"}],"about":[{"href":"https:\/\/www.chouetteenvol.fr\/index.php\/wp-json\/wp\/v2\/types\/page"}],"author":[{"embeddable":true,"href":"https:\/\/www.chouetteenvol.fr\/index.php\/wp-json\/wp\/v2\/users\/4"}],"replies":[{"embeddable":true,"href":"https:\/\/www.chouetteenvol.fr\/index.php\/wp-json\/wp\/v2\/comments?post=116"}],"version-history":[{"count":15,"href":"https:\/\/www.chouetteenvol.fr\/index.php\/wp-json\/wp\/v2\/pages\/116\/revisions"}],"predecessor-version":[{"id":346,"href":"https:\/\/www.chouetteenvol.fr\/index.php\/wp-json\/wp\/v2\/pages\/116\/revisions\/346"}],"wp:featuredmedia":[{"embeddable":true,"href":"https:\/\/www.chouetteenvol.fr\/index.php\/wp-json\/wp\/v2\/media\/343"}],"wp:attachment":[{"href":"https:\/\/www.chouetteenvol.fr\/index.php\/wp-json\/wp\/v2\/media?parent=116"}],"curies":[{"name":"wp","href":"https:\/\/api.w.org\/{rel}","templated":true}]}}